{"id":3360,"date":"2025-06-25T11:26:31","date_gmt":"2025-06-25T09:26:31","guid":{"rendered":"https:\/\/time-golf.com\/?post_type=product&#038;p=3360"},"modified":"2025-06-25T11:26:31","modified_gmt":"2025-06-25T09:26:31","slug":"rolex-sea-dweller-116600-full-set","status":"publish","type":"product","link":"https:\/\/time-golf.com\/en\/producto\/rolex-sea-dweller-116600-full-set\/","title":{"rendered":"ROLEX SEA-DWELLER 116600 FULL SET."},"content":{"rendered":"","protected":false},"excerpt":{"rendered":"<p>ROLEX SEA-DWELLER 116600 FULL SET,A\u00d1O 2016,DOCUMENTACION NACIONAL,ESTA REFERENCIA SOLAMENTE ESTUVO DOS A\u00d1OS EN PRODUCION,ROLEX SD4000,UN A\u00d1O DE GARANTIA TIMEGOLF.<\/p>\n","protected":false},"featured_media":3361,"comment_status":"open","ping_status":"closed","template":"","meta":{"_et_pb_use_builder":"","_et_pb_old_content":""},"_links":{"self":[{"href":"https:\/\/time-golf.com\/en\/wp-json\/wp\/v2\/product\/3360"}],"collection":[{"href":"https:\/\/time-golf.com\/en\/wp-json\/wp\/v2\/product"}],"about":[{"href":"https:\/\/time-golf.com\/en\/wp-json\/wp\/v2\/types\/product"}],"replies":[{"embeddable":true,"href":"https:\/\/time-golf.com\/en\/wp-json\/wp\/v2\/comments?post=3360"}],"wp:featuredmedia":[{"embeddable":true,"href":"https:\/\/time-golf.com\/en\/wp-json\/wp\/v2\/media\/3361"}],"wp:attachment":[{"href":"https:\/\/time-golf.com\/en\/wp-json\/wp\/v2\/media?parent=3360"}],"curies":[{"name":"wp","href":"https:\/\/api.w.org\/{rel}","templated":true}]}}