{"id":2690,"date":"2023-04-27T10:01:58","date_gmt":"2023-04-27T08:01:58","guid":{"rendered":"https:\/\/time-golf.com\/?post_type=product&#038;p=2690"},"modified":"2023-11-23T13:59:38","modified_gmt":"2023-11-23T12:59:38","slug":"rolex-sea-dweller-4000-full-set-2015","status":"publish","type":"product","link":"https:\/\/time-golf.com\/en\/producto\/rolex-sea-dweller-4000-full-set-2015\/","title":{"rendered":"ROLEX SEA-DWELLER 4000 FULL SET 2015."},"content":{"rendered":"","protected":false},"excerpt":{"rendered":"<p>ESPECTACULAR ROLEX SEA-DWELLER 4000 FULL SET A\u00d1O 2015,RECIEN REVISADO EN PERFECTO ESTADO,REFERENCIA 116600,ESTA REFERENCIA SOLO ESTUVO EN PRODUCCION DOS A\u00d1OS,DE AHI SU GRAN VALOR ENTRE COLECCIONISTAS,UN A\u00d1O DE GARANTIA TIMEGOLF.<\/p>\n","protected":false},"featured_media":2691,"comment_status":"open","ping_status":"closed","template":"","meta":{"_et_pb_use_builder":"","_et_pb_old_content":""},"_links":{"self":[{"href":"https:\/\/time-golf.com\/en\/wp-json\/wp\/v2\/product\/2690"}],"collection":[{"href":"https:\/\/time-golf.com\/en\/wp-json\/wp\/v2\/product"}],"about":[{"href":"https:\/\/time-golf.com\/en\/wp-json\/wp\/v2\/types\/product"}],"replies":[{"embeddable":true,"href":"https:\/\/time-golf.com\/en\/wp-json\/wp\/v2\/comments?post=2690"}],"wp:featuredmedia":[{"embeddable":true,"href":"https:\/\/time-golf.com\/en\/wp-json\/wp\/v2\/media\/2691"}],"wp:attachment":[{"href":"https:\/\/time-golf.com\/en\/wp-json\/wp\/v2\/media?parent=2690"}],"curies":[{"name":"wp","href":"https:\/\/api.w.org\/{rel}","templated":true}]}}