{"id":2662,"date":"2023-04-21T12:07:17","date_gmt":"2023-04-21T10:07:17","guid":{"rendered":"https:\/\/time-golf.com\/?post_type=product&#038;p=2662"},"modified":"2023-05-27T12:12:23","modified_gmt":"2023-05-27T10:12:23","slug":"rolex-sea-dweller-4000-full-set-2","status":"publish","type":"product","link":"https:\/\/time-golf.com\/en\/producto\/rolex-sea-dweller-4000-full-set-2\/","title":{"rendered":"ROLEX SEA-DWELLER 4000 FULL SET."},"content":{"rendered":"","protected":false},"excerpt":{"rendered":"<p>DESCATALOGADO ROLEX SEA-DWELLER 4000 REFERENCIA 116600 FULL SET A\u00d1O 2014,GARANTIA EUROPEA,40MM,UNA DE LAS REFERENCIAS QUE MANTUVO ROLEX MENOS A\u00d1OS EN PRODUCCION,EL RELOJ SE ENCUENTRA EN PERFECTO ESTADO,SERVICIO RECIEN REALIZADO,UN A\u00d1O DE GARANTIA SOBRE LA MAQUINARIA.<\/p>\n","protected":false},"featured_media":2663,"comment_status":"open","ping_status":"closed","template":"","meta":{"_et_pb_use_builder":"","_et_pb_old_content":""},"_links":{"self":[{"href":"https:\/\/time-golf.com\/en\/wp-json\/wp\/v2\/product\/2662"}],"collection":[{"href":"https:\/\/time-golf.com\/en\/wp-json\/wp\/v2\/product"}],"about":[{"href":"https:\/\/time-golf.com\/en\/wp-json\/wp\/v2\/types\/product"}],"replies":[{"embeddable":true,"href":"https:\/\/time-golf.com\/en\/wp-json\/wp\/v2\/comments?post=2662"}],"wp:featuredmedia":[{"embeddable":true,"href":"https:\/\/time-golf.com\/en\/wp-json\/wp\/v2\/media\/2663"}],"wp:attachment":[{"href":"https:\/\/time-golf.com\/en\/wp-json\/wp\/v2\/media?parent=2662"}],"curies":[{"name":"wp","href":"https:\/\/api.w.org\/{rel}","templated":true}]}}