{"id":1610,"date":"2020-10-18T11:45:54","date_gmt":"2020-10-18T09:45:54","guid":{"rendered":"https:\/\/time-golf.com\/?post_type=product&#038;p=1610"},"modified":"2020-11-23T10:50:26","modified_gmt":"2020-11-23T09:50:26","slug":"rolex-explorer-ii-16570-full-set","status":"publish","type":"product","link":"https:\/\/time-golf.com\/en\/producto\/rolex-explorer-ii-16570-full-set\/","title":{"rendered":"ROLEX EXPLORER II 16570 FULL SET."},"content":{"rendered":"","protected":false},"excerpt":{"rendered":"<p><b>ROLEX EXPLORER II 16570 SERIE U A\u00d1O 1997,CAJA Y PAPELES,FACTURA DE COMPRA Y UN A\u00d1O DE GARANTIA TIMEGOLF SOBRE LA MAQUINARIA,TODO UN ROLEX DEPORTIVO VINTAGE CON 23 A\u00d1OS.<br \/>\n<\/b><\/p>\n","protected":false},"featured_media":1611,"comment_status":"open","ping_status":"closed","template":"","meta":{"_et_pb_use_builder":"","_et_pb_old_content":""},"_links":{"self":[{"href":"https:\/\/time-golf.com\/en\/wp-json\/wp\/v2\/product\/1610"}],"collection":[{"href":"https:\/\/time-golf.com\/en\/wp-json\/wp\/v2\/product"}],"about":[{"href":"https:\/\/time-golf.com\/en\/wp-json\/wp\/v2\/types\/product"}],"replies":[{"embeddable":true,"href":"https:\/\/time-golf.com\/en\/wp-json\/wp\/v2\/comments?post=1610"}],"wp:featuredmedia":[{"embeddable":true,"href":"https:\/\/time-golf.com\/en\/wp-json\/wp\/v2\/media\/1611"}],"wp:attachment":[{"href":"https:\/\/time-golf.com\/en\/wp-json\/wp\/v2\/media?parent=1610"}],"curies":[{"name":"wp","href":"https:\/\/api.w.org\/{rel}","templated":true}]}}