{"id":1579,"date":"2020-10-01T11:32:44","date_gmt":"2020-10-01T09:32:44","guid":{"rendered":"https:\/\/time-golf.com\/?post_type=product&#038;p=1579"},"modified":"2021-05-04T12:45:33","modified_gmt":"2021-05-04T10:45:33","slug":"rolex-gmt-master-1675-vintage-2","status":"publish","type":"product","link":"https:\/\/time-golf.com\/en\/producto\/rolex-gmt-master-1675-vintage-2\/","title":{"rendered":"ROLEX GMT-MASTER 1675 VINTAGE"},"content":{"rendered":"","protected":false},"excerpt":{"rendered":"<p>ESPECTACULAR ROLEX GMT MASTER REFERENCIA 1675 A\u00d1O 1972,TODO UN ROLEX VINTAGE CON 48 A\u00d1OS,RECIEN REVISADO,GARANTIA DE UN A\u00d1O TIMEGOLF SOBRE LA MAQUINARIA.<\/p>\n","protected":false},"featured_media":1580,"comment_status":"open","ping_status":"closed","template":"","meta":{"_et_pb_use_builder":"","_et_pb_old_content":""},"_links":{"self":[{"href":"https:\/\/time-golf.com\/en\/wp-json\/wp\/v2\/product\/1579"}],"collection":[{"href":"https:\/\/time-golf.com\/en\/wp-json\/wp\/v2\/product"}],"about":[{"href":"https:\/\/time-golf.com\/en\/wp-json\/wp\/v2\/types\/product"}],"replies":[{"embeddable":true,"href":"https:\/\/time-golf.com\/en\/wp-json\/wp\/v2\/comments?post=1579"}],"wp:featuredmedia":[{"embeddable":true,"href":"https:\/\/time-golf.com\/en\/wp-json\/wp\/v2\/media\/1580"}],"wp:attachment":[{"href":"https:\/\/time-golf.com\/en\/wp-json\/wp\/v2\/media?parent=1579"}],"curies":[{"name":"wp","href":"https:\/\/api.w.org\/{rel}","templated":true}]}}