{"id":358,"date":"2019-04-23T13:47:29","date_gmt":"2019-04-23T11:47:29","guid":{"rendered":"http:\/\/time-golf.com\/shop\/"},"modified":"2020-01-27T09:55:26","modified_gmt":"2020-01-27T08:55:26","slug":"shop","status":"publish","type":"page","link":"https:\/\/time-golf.com\/en\/shop\/","title":{"rendered":"Shop"},"content":{"rendered":"<p>[et_pb_section bb_built=&#8221;1&#8243; _builder_version=&#8221;3.21.4&#8243; background_image=&#8221;https:\/\/time-golf.com\/wp-content\/uploads\/2019\/04\/Reloj-shop-1.jpg&#8221; z_index_tablet=&#8221;500&#8243; custom_css_main_element=&#8221;height: 450px;&#8221; next_background_color=&#8221;#ffffff&#8221;][et_pb_row _builder_version=&#8221;3.0.48&#8243; background_size=&#8221;initial&#8221; background_position=&#8221;top_left&#8221; background_repeat=&#8221;repeat&#8221;][et_pb_column type=&#8221;4_4&#8243;][et_pb_text _builder_version=&#8221;3.21.4&#8243; z_index_tablet=&#8221;500&#8243;]<\/p>\n<h2 class=\"titulo-h2\" style=\"text-align: center;\"><span style=\"color: #ffffff;\">Buy Your Watch<\/span><\/h2>\n<p>[\/et_pb_text][\/et_pb_column][\/et_pb_row][\/et_pb_section][et_pb_section bb_built=&#8221;1&#8243; _builder_version=&#8221;3.21.4&#8243; custom_margin=&#8221;50px|||&#8221; z_index_tablet=&#8221;500&#8243; prev_background_color=&#8221;#000000&#8243; next_background_color=&#8221;#000000&#8243;][et_pb_row _builder_version=&#8221;3.21.4&#8243;][et_pb_column type=&#8221;3_4&#8243;][et_pb_code _builder_version=&#8221;3.21.4&#8243; z_index_tablet=&#8221;500&#8243; disabled_on=&#8221;off|off|off&#8221; disabled=&#8221;off&#8221;]<div class=\"woocommerce columns-3 \"><ul class=\"products columns-3\">\n<li class=\"product type-product post-676 status-publish first instock product_cat-rolex-en has-post-thumbnail shipping-taxable purchasable product-type-simple\">\n\t<\/li>\n<li class=\"product type-product post-2075 status-publish instock product_cat-rolex-en has-post-thumbnail shipping-taxable purchasable product-type-simple\">\n\t<\/li>\n<li class=\"product type-product post-2287 status-publish last instock product_cat-rolex-en has-post-thumbnail shipping-taxable purchasable product-type-simple\">\n\t<\/li>\n<li class=\"product type-product post-2721 status-publish first instock product_cat-rolex-en has-post-thumbnail shipping-taxable purchasable product-type-simple\">\n\t<\/li>\n<li class=\"product type-product post-2761 status-publish instock product_cat-sin-categorizar has-post-thumbnail shipping-taxable purchasable product-type-simple\">\n\t<\/li>\n<li class=\"product type-product post-2791 status-publish last instock product_cat-rolex-en has-post-thumbnail shipping-taxable purchasable product-type-simple\">\n\t<\/li>\n<li class=\"product type-product post-2798 status-publish first instock product_cat-rolex-en has-post-thumbnail shipping-taxable purchasable product-type-simple\">\n\t<\/li>\n<li class=\"product type-product post-2852 status-publish instock product_cat-rolex-en has-post-thumbnail shipping-taxable purchasable product-type-simple\">\n\t<\/li>\n<li class=\"product type-product post-2917 status-publish last instock product_cat-hublot has-post-thumbnail shipping-taxable purchasable product-type-simple\">\n\t<\/li>\n<li class=\"product type-product post-2980 status-publish first instock product_cat-rolex-en has-post-thumbnail shipping-taxable purchasable product-type-simple\">\n\t<\/li>\n<li class=\"product type-product post-2996 status-publish instock product_cat-tudor has-post-thumbnail shipping-taxable purchasable product-type-simple\">\n\t<\/li>\n<li class=\"product type-product post-3010 status-publish last instock product_cat-rolex-en has-post-thumbnail shipping-taxable purchasable product-type-simple\">\n\t<\/li>\n<\/ul>\n<\/div>[\/et_pb_code][\/et_pb_column][et_pb_column type=&#8221;1_4&#8243;][et_pb_sidebar orientation=&#8221;right&#8221; area=&#8221;sidebar-1&#8243; _builder_version=&#8221;3.21.4&#8243; z_index_tablet=&#8221;500&#8243; \/][\/et_pb_column][\/et_pb_row][\/et_pb_section][et_pb_section bb_built=&#8221;1&#8243; _builder_version=&#8221;3.21.4&#8243; custom_padding=&#8221;0px|||&#8221; z_index_tablet=&#8221;500&#8243; prev_background_color=&#8221;#000000&#8243; next_background_color=&#8221;#000000&#8243;][et_pb_row custom_padding=&#8221;100px|10px|100px|10px&#8221; _builder_version=&#8221;3.21.4&#8243; background_image=&#8221;https:\/\/time-golf.com\/wp-content\/uploads\/2019\/04\/Group-77.jpg&#8221; animation_style=&#8221;slide&#8221; animation_direction=&#8221;right&#8221; z_index_tablet=&#8221;500&#8243;][et_pb_column type=&#8221;4_4&#8243;][et_pb_text _builder_version=&#8221;3.21.4&#8243; z_index_tablet=&#8221;500&#8243;]<\/p>\n<h2 class=\"titulo-h2\" style=\"text-align: center;\"><span style=\"color: #fff;\">guarantee<\/span><\/h2>\n<p>[\/et_pb_text][et_pb_text _builder_version=&#8221;3.21.4&#8243; z_index_tablet=&#8221;500&#8243;]<\/p>\n<p class=\"parrafo-texto\" style=\"text-align: center;\"><span style=\"color: #ffffff;\"><span class=\"s1\">All our collection goes through a professional internal and external control of the piece,<br \/>our trajectory allows us to guarantee competitive prices. &#8220;All our watches have a one-year guarantee according to current legislation&#8221;.<\/p>\n<p><\/span><\/span><\/p>\n<p>[\/et_pb_text][\/et_pb_column][\/et_pb_row][\/et_pb_section][et_pb_section bb_built=&#8221;1&#8243; _builder_version=&#8221;3.21.4&#8243; custom_padding=&#8221;0px||0px|&#8221; z_index_tablet=&#8221;500&#8243; prev_background_color=&#8221;#000000&#8243; next_background_color=&#8221;#26503d&#8221;][et_pb_row make_fullwidth=&#8221;on&#8221; custom_padding=&#8221;0px||0px|&#8221; custom_margin=&#8221;0px||0px|&#8221; _builder_version=&#8221;3.21.4&#8243; z_index_tablet=&#8221;500&#8243;][et_pb_column type=&#8221;4_4&#8243;][et_pb_code _builder_version=&#8221;3.21.4&#8243; z_index_tablet=&#8221;500&#8243;]\n    <div class=\"wc-category-slider wc-category-default wc-category-slider-58 no-hover hide-content  hide-border \" id=\"wc-category-slider-58\"\n         data-slider-config='{\"dots\":true,\"autoHeight\":true,\"rtl\":false,\"singleItem\":true,\"autoplay\":true,\"loop\":false,\"lazyLoad\":false,\"margin\":10,\"autoplayTimeout\":3000,\"autoplaySpeed\":600,\"autoplayHoverPause\":true,\"nav\":false,\"navText\":[\"<i class=\\\"fa fa-chevron-left\\\"><\\\/i>\",\"<i class=\\\"fa fa-chevron-right\\\"><\\\/i>\"],\"stagePadding\":4,\"items\":3,\"responsive\":{\"0\":{\"items\":1},\"600\":{\"items\":2},\"1000\":{\"items\":4}}}'>\n\n\t\t\n        <div class=\"wc-slide\">\n\n        <!--Image-->                <div class=\"wc-slide-image-wrapper\"><a class=\"wc-slide-link\" href=\"https:\/\/time-golf.com\/en\/categoria-producto\/breitling-en\/\"><img width=\"201\" height=\"201\" src=\"https:\/\/time-golf.com\/wp-content\/uploads\/2019\/04\/Breitling.png\" class=\"default\" alt=\"\" loading=\"lazy\" srcset=\"https:\/\/time-golf.com\/wp-content\/uploads\/2019\/04\/Breitling.png 201w, https:\/\/time-golf.com\/wp-content\/uploads\/2019\/04\/Breitling-150x150.png 150w, https:\/\/time-golf.com\/wp-content\/uploads\/2019\/04\/Breitling-100x100.png 100w\" sizes=\"(max-width: 201px) 100vw, 201px\" \/><\/a><\/div>\n\t\t\n\t\t<\/div><!--end wc-slide-->\n        <div class=\"wc-slide\">\n\n        <!--Image-->                <div class=\"wc-slide-image-wrapper\"><a class=\"wc-slide-link\" href=\"https:\/\/time-golf.com\/en\/categoria-producto\/panerai-en\/\"><img width=\"201\" height=\"201\" src=\"https:\/\/time-golf.com\/wp-content\/uploads\/2019\/04\/Panerai.png\" class=\"default\" alt=\"\" loading=\"lazy\" srcset=\"https:\/\/time-golf.com\/wp-content\/uploads\/2019\/04\/Panerai.png 201w, https:\/\/time-golf.com\/wp-content\/uploads\/2019\/04\/Panerai-150x150.png 150w, https:\/\/time-golf.com\/wp-content\/uploads\/2019\/04\/Panerai-100x100.png 100w\" sizes=\"(max-width: 201px) 100vw, 201px\" \/><\/a><\/div>\n\t\t\n\t\t<\/div><!--end wc-slide-->\n        <div class=\"wc-slide\">\n\n        <!--Image-->                <div class=\"wc-slide-image-wrapper\"><a class=\"wc-slide-link\" href=\"https:\/\/time-golf.com\/en\/categoria-producto\/rolex-en\/\"><img width=\"201\" height=\"201\" src=\"https:\/\/time-golf.com\/wp-content\/uploads\/2019\/04\/Rolex.png\" class=\"default\" alt=\"\" loading=\"lazy\" srcset=\"https:\/\/time-golf.com\/wp-content\/uploads\/2019\/04\/Rolex.png 201w, https:\/\/time-golf.com\/wp-content\/uploads\/2019\/04\/Rolex-150x150.png 150w, https:\/\/time-golf.com\/wp-content\/uploads\/2019\/04\/Rolex-100x100.png 100w\" sizes=\"(max-width: 201px) 100vw, 201px\" \/><\/a><\/div>\n\t\t\n\t\t<\/div><!--end wc-slide-->        <\/div>\n\n\t\t<style>#wc-category-slider-58 .wc-slide{border: 1px solid transparent}<\/style>[\/et_pb_code][\/et_pb_column][\/et_pb_row][\/et_pb_section][et_pb_section bb_built=&#8221;1&#8243; _builder_version=&#8221;3.21.4&#8243; background_color=&#8221;#26503d&#8221; z_index_tablet=&#8221;500&#8243; prev_background_color=&#8221;#ffffff&#8221;][et_pb_row custom_padding=&#8221;75px||75px||false|false&#8221; _builder_version=&#8221;3.21.4&#8243; z_index_tablet=&#8221;500&#8243;][et_pb_column type=&#8221;1_4&#8243;][et_pb_text _builder_version=&#8221;3.21.4&#8243; z_index_tablet=&#8221;500&#8243;]<\/p>\n<p>\n<img loading=\"lazy\" class=\"size-full wp-image-78 aligncenter\" src=\"https:\/\/time-golf.com\/wp-content\/uploads\/2019\/04\/Group-11.png\" alt=\"\" width=\"76\" height=\"68\"><\/p>\n<p class=\"texto-footer\" style=\"text-align: center;\">Urgent Shipment<br \/> Spain\/Europe<\/p>\n<p>[\/et_pb_text][\/et_pb_column][et_pb_column type=&#8221;1_4&#8243;][et_pb_text _builder_version=&#8221;3.21.4&#8243; z_index_tablet=&#8221;500&#8243;]<\/p>\n<p><img loading=\"lazy\" class=\"alignnone size-full wp-image-80 aligncenter\" src=\"https:\/\/time-golf.com\/wp-content\/uploads\/2019\/04\/Group-12.png\" alt=\"\" width=\"68\" height=\"77\" \/><\/p>\n<p class=\"texto-footer\" style=\"text-align: center;\">Urgente Service<br \/>International<\/p>\n<p>[\/et_pb_text][\/et_pb_column][et_pb_column type=&#8221;1_4&#8243;][et_pb_text _builder_version=&#8221;3.21.4&#8243; z_index_tablet=&#8221;500&#8243;]<\/p>\n<p><img loading=\"lazy\" class=\"alignnone size-full wp-image-158 aligncenter\" src=\"https:\/\/time-golf.com\/wp-content\/uploads\/2019\/04\/Group-73.png\" alt=\"\" width=\"68\" height=\"68\" \/><\/p>\n<p class=\"texto-footer\" style=\"text-align: center;\">Transactions with <br \/>Insured Value<\/p>\n<p>[\/et_pb_text][\/et_pb_column][et_pb_column type=&#8221;1_4&#8243;][et_pb_text _builder_version=&#8221;3.21.4&#8243; z_index_tablet=&#8221;500&#8243;]<\/p>\n<p><img loading=\"lazy\" class=\"alignnone size-full wp-image-79 aligncenter\" src=\"https:\/\/time-golf.com\/wp-content\/uploads\/2019\/04\/Group-16.png\" alt=\"\" width=\"67\" height=\"67\" \/><\/p>\n<p class=\"texto-footer\" style=\"text-align: center;\">Certified Deliveries<br \/>\nand\/or in Hand<\/p>\n<p>[\/et_pb_text][\/et_pb_column][\/et_pb_row][\/et_pb_section]<\/p>\n","protected":false},"excerpt":{"rendered":"<p>[et_pb_section bb_built=&#8221;1&#8243; _builder_version=&#8221;3.21.4&#8243; background_image=&#8221;https:\/\/time-golf.com\/wp-content\/uploads\/2019\/04\/Reloj-shop-1.jpg&#8221; z_index_tablet=&#8221;500&#8243; custom_css_main_element=&#8221;height: 450px;&#8221; next_background_color=&#8221;#ffffff&#8221;][et_pb_row _builder_version=&#8221;3.0.48&#8243; background_size=&#8221;initial&#8221; background_position=&#8221;top_left&#8221; background_repeat=&#8221;repeat&#8221;][et_pb_column type=&#8221;4_4&#8243;][et_pb_text _builder_version=&#8221;3.21.4&#8243; z_index_tablet=&#8221;500&#8243;] Buy Your Watch [\/et_pb_text][\/et_pb_column][\/et_pb_row][\/et_pb_section][et_pb_section bb_built=&#8221;1&#8243; _builder_version=&#8221;3.21.4&#8243; custom_margin=&#8221;50px|||&#8221; z_index_tablet=&#8221;500&#8243; prev_background_color=&#8221;#000000&#8243; next_background_color=&#8221;#000000&#8243;][et_pb_row _builder_version=&#8221;3.21.4&#8243;][et_pb_column type=&#8221;3_4&#8243;][et_pb_code _builder_version=&#8221;3.21.4&#8243; z_index_tablet=&#8221;500&#8243; disabled_on=&#8221;off|off|off&#8221; disabled=&#8221;off&#8221;][\/et_pb_code][\/et_pb_column][et_pb_column type=&#8221;1_4&#8243;][et_pb_sidebar orientation=&#8221;right&#8221; area=&#8221;sidebar-1&#8243; _builder_version=&#8221;3.21.4&#8243; z_index_tablet=&#8221;500&#8243; \/][\/et_pb_column][\/et_pb_row][\/et_pb_section][et_pb_section bb_built=&#8221;1&#8243; _builder_version=&#8221;3.21.4&#8243; custom_padding=&#8221;0px|||&#8221; z_index_tablet=&#8221;500&#8243; prev_background_color=&#8221;#000000&#8243; next_background_color=&#8221;#000000&#8243;][et_pb_row custom_padding=&#8221;100px|10px|100px|10px&#8221; _builder_version=&#8221;3.21.4&#8243; background_image=&#8221;https:\/\/time-golf.com\/wp-content\/uploads\/2019\/04\/Group-77.jpg&#8221; animation_style=&#8221;slide&#8221; animation_direction=&#8221;right&#8221; z_index_tablet=&#8221;500&#8243;][et_pb_column type=&#8221;4_4&#8243;][et_pb_text _builder_version=&#8221;3.21.4&#8243; z_index_tablet=&#8221;500&#8243;] guarantee [\/et_pb_text][et_pb_text _builder_version=&#8221;3.21.4&#8243; [&hellip;]<\/p>\n","protected":false},"author":1,"featured_media":0,"parent":0,"menu_order":0,"comment_status":"closed","ping_status":"closed","template":"","meta":{"_et_pb_use_builder":"on","_et_pb_old_content":"[et_pb_section bb_built=\"1\" specialty=\"off\" next_background_color=\"#ffffff\" _builder_version=\"3.21.4\" background_image=\"https:\/\/time-golf.com\/wp-content\/uploads\/2019\/04\/Group-71.jpg\" custom_css_main_element=\"height: 450px;\" z_index_tablet=\"500\"][et_pb_row][et_pb_column type=\"4_4\"][et_pb_text _builder_version=\"3.21.4\" z_index_tablet=\"500\"]\r\n\r\n<h2 class=\"titulo-h2\" style=\"text-align: center;\"><span style=\"color: #ffffff;\">Compra tu  Reloj<\/span><\/h2>\r\n\r\n[\/et_pb_text][\/et_pb_column][\/et_pb_row][\/et_pb_section][et_pb_section bb_built=\"1\" next_background_color=\"#000000\" prev_background_color=\"#000000\" _builder_version=\"3.21.4\" custom_margin=\"50px|||\" z_index_tablet=\"500\"][et_pb_row _builder_version=\"3.21.4\"][et_pb_column type=\"3_4\"][et_pb_shop _builder_version=\"3.21.4\" columns_number=\"3\" z_index_tablet=\"500\" orderby=\"date-desc\" show_pagination=\"on\" animation_style=\"slide\" animation_duration=\"1150ms\" \/][\/et_pb_column][et_pb_column type=\"1_4\"][et_pb_sidebar _builder_version=\"3.21.4\" area=\"sidebar-1\" z_index_tablet=\"500\" orientation=\"right\" \/][\/et_pb_column][\/et_pb_row][\/et_pb_section][et_pb_section bb_built=\"1\" specialty=\"off\" _builder_version=\"3.21.4\" custom_padding=\"0px|||\" z_index_tablet=\"500\" next_background_color=\"#000000\" prev_background_color=\"#000000\"][et_pb_row _builder_version=\"3.21.4\" custom_padding=\"100px|10px|100px|10px\" z_index_tablet=\"500\" background_image=\"https:\/\/time-golf.com\/wp-content\/uploads\/2019\/04\/Group-77.jpg\" animation_style=\"slide\" animation_direction=\"right\"][et_pb_column type=\"4_4\"][et_pb_text _builder_version=\"3.21.4\" z_index_tablet=\"500\"]\r\n\r\n<h2 class=\"titulo-h2\" style=\"text-align: center;\"><span style=\"color: #fff;\">Garant\u00eda<\/span><\/h2>\r\n\r\n[\/et_pb_text][et_pb_text _builder_version=\"3.21.4\" z_index_tablet=\"500\"]\r\n\r\n<p class=\"parrafo-texto\" style=\"text-align: center;\"><span style=\"color: #ffffff;\"><span class=\"s1\">Todas nuestra colecci\u00f3n pasa por un control profesional interno y externo de la pieza,<br>nuestra trayectoria nos permite garantizar precios competitivos. \u201cTodos nuestros relojes poseen<br>un a\u00f1o de garant\u00eda seg\u00fan legislaci\u00f3n vigente\u201d<br>\r\n<\/span><\/p>\r\n\r\n[\/et_pb_text][\/et_pb_column][\/et_pb_row][\/et_pb_section][et_pb_section bb_built=\"1\" specialty=\"off\" _builder_version=\"3.21.4\" custom_padding=\"0px||0px|\" z_index_tablet=\"500\" next_background_color=\"#26503d\" prev_background_color=\"#000000\"][et_pb_row _builder_version=\"3.21.4\" make_fullwidth=\"on\" z_index_tablet=\"500\" custom_margin=\"0px||0px|\" custom_padding=\"0px||0px|\"][et_pb_column type=\"4_4\"][et_pb_code _builder_version=\"3.21.4\" z_index_tablet=\"500\"][woo_category_slider id='58'][\/et_pb_code][\/et_pb_column][\/et_pb_row][\/et_pb_section][et_pb_section bb_built=\"1\" specialty=\"off\" _builder_version=\"3.21.4\" background_color=\"#26503d\" z_index_tablet=\"500\" prev_background_color=\"#ffffff\"][et_pb_row _builder_version=\"3.21.4\" custom_padding=\"75px||75px|\" z_index_tablet=\"500\"][et_pb_column type=\"1_4\"][et_pb_text _builder_version=\"3.21.4\" z_index_tablet=\"500\"]\r\n\r\n<p>\r\n<img class=\"size-full wp-image-78 aligncenter\" src=\"https:\/\/time-golf.com\/wp-content\/uploads\/2019\/04\/Group-11.png\" alt=\"\" width=\"76\" height=\"68\"><\/p>\r\n<p class=\"texto-footer\" style=\"text-align: center;\">Envio Urgente<br> Espa\u00f1a\/Europa<\/p>\r\n\r\n[\/et_pb_text][\/et_pb_column][et_pb_column type=\"1_4\"][et_pb_text _builder_version=\"3.21.4\" z_index_tablet=\"500\"]\r\n\r\n<p><img class=\"alignnone size-full wp-image-80 aligncenter\" src=\"https:\/\/time-golf.com\/wp-content\/uploads\/2019\/04\/Group-12.png\" alt=\"\" width=\"68\" height=\"77\" \/><\/p>\r\n<p class=\"texto-footer\" style=\"text-align: center;\">Servicio urgente<br \/>Internacional<\/p>\r\n\r\n[\/et_pb_text][\/et_pb_column][et_pb_column type=\"1_4\"][et_pb_text _builder_version=\"3.21.4\" z_index_tablet=\"500\"]\r\n\r\n<p><img class=\"alignnone size-full wp-image-158 aligncenter\" src=\"https:\/\/time-golf.com\/wp-content\/uploads\/2019\/04\/Group-73.png\" alt=\"\" width=\"68\" height=\"68\"><\/p>\r\n<p class=\"texto-footer\" style=\"text-align: center;\">Transacciones con <br>Valor Asegurado<\/p>\r\n\r\n[\/et_pb_text][\/et_pb_column][et_pb_column type=\"1_4\"][et_pb_text _builder_version=\"3.21.4\" z_index_tablet=\"500\"]\r\n\r\n<p>\r\n<img class=\"alignnone size-full wp-image-79 aligncenter\" src=\"https:\/\/time-golf.com\/wp-content\/uploads\/2019\/04\/Group-16.png\" alt=\"\" width=\"67\" height=\"67\"><\/p>\r\n<p class=\"texto-footer\" style=\"text-align: center;\">Entregas Certificadas<br> y\/o en Mano<\/p>\r\n\r\n[\/et_pb_text][\/et_pb_column][\/et_pb_row][\/et_pb_section]"},"_links":{"self":[{"href":"https:\/\/time-golf.com\/en\/wp-json\/wp\/v2\/pages\/358"}],"collection":[{"href":"https:\/\/time-golf.com\/en\/wp-json\/wp\/v2\/pages"}],"about":[{"href":"https:\/\/time-golf.com\/en\/wp-json\/wp\/v2\/types\/page"}],"author":[{"embeddable":true,"href":"https:\/\/time-golf.com\/en\/wp-json\/wp\/v2\/users\/1"}],"replies":[{"embeddable":true,"href":"https:\/\/time-golf.com\/en\/wp-json\/wp\/v2\/comments?post=358"}],"version-history":[{"count":15,"href":"https:\/\/time-golf.com\/en\/wp-json\/wp\/v2\/pages\/358\/revisions"}],"predecessor-version":[{"id":1136,"href":"https:\/\/time-golf.com\/en\/wp-json\/wp\/v2\/pages\/358\/revisions\/1136"}],"wp:attachment":[{"href":"https:\/\/time-golf.com\/en\/wp-json\/wp\/v2\/media?parent=358"}],"curies":[{"name":"wp","href":"https:\/\/api.w.org\/{rel}","templated":true}]}}